{"id":24,"date":"2023-11-18T18:17:07","date_gmt":"2023-11-18T18:17:07","guid":{"rendered":"https:\/\/madeleinegalvan.teoriavirtual.com\/?page_id=24"},"modified":"2023-11-18T21:01:21","modified_gmt":"2023-11-18T21:01:21","slug":"home","status":"publish","type":"page","link":"https:\/\/madeleinegalvan.teoriavirtual.com\/index.php\/home\/","title":{"rendered":"Home"},"content":{"rendered":"<p>[et_pb_section fb_built=&#8221;1&#8243; fullwidth=&#8221;on&#8221; admin_label=&#8221;Header Section&#8221; _builder_version=&#8221;4.16&#8243; background_image=&#8221;https:\/\/madeleinegalvan.teoriavirtual.com\/wp-content\/uploads\/2023\/11\/dhmffh.jpg&#8221; parallax=&#8221;on&#8221; top_divider_style=&#8221;clouds2&#8243; top_divider_color=&#8221;rgba(255,255,255,0.6)&#8221; top_divider_height=&#8221;30%&#8221; global_colors_info=&#8221;{}&#8221;][et_pb_fullwidth_header title=&#8221;Madeleine Galv\u00e1n&#8221; subhead=&#8221;Las herramientas web 2.0 y sus aplicaciones en la educaci\u00f3n&#8221; text_orientation=&#8221;center&#8221; button_one_text=&#8221;Ver blog&#8221; button_one_url=&#8221;@ET-DC@eyJkeW5hbWljIjp0cnVlLCJjb250ZW50IjoicG9zdF9saW5rX3VybF9wYWdlIiwic2V0dGluZ3MiOnsicG9zdF9pZCI6IjM4In19@&#8221; _builder_version=&#8221;4.23.1&#8243; _dynamic_attributes=&#8221;button_one_url&#8221; title_level=&#8221;h2&#8243; title_font=&#8221;Rubik|700||on|||||&#8221; title_text_color=&#8221;#ff7355&#8243; title_font_size=&#8221;16px&#8221; title_letter_spacing=&#8221;5px&#8221; title_line_height=&#8221;2em&#8221; content_font=&#8221;Rubik||||||||&#8221; content_font_size=&#8221;18px&#8221; content_line_height=&#8221;2em&#8221; subhead_font=&#8221;Rubik|700|||||||&#8221; subhead_text_color=&#8221;rgba(0,0,0,0.8)&#8221; subhead_font_size=&#8221;50px&#8221; subhead_line_height=&#8221;1.4em&#8221; background_color=&#8221;rgba(255,250,242,0.9)&#8221; background_image=&#8221;https:\/\/madeleinegalvan.teoriavirtual.com\/wp-content\/uploads\/2023\/11\/pencils-1.png&#8221; background_size=&#8221;contain&#8221; background_position=&#8221;bottom_center&#8221; custom_button_one=&#8221;on&#8221; button_one_text_size=&#8221;16px&#8221; button_one_text_color=&#8221;#ffffff&#8221; button_one_bg_color=&#8221;#ff7355&#8243; button_one_border_width=&#8221;15px&#8221; button_one_border_color=&#8221;rgba(210,159,104,0)&#8221; button_one_border_radius=&#8221;100px&#8221; button_one_letter_spacing=&#8221;0px&#8221; button_one_font=&#8221;Rubik|700|||||||&#8221; button_one_use_icon=&#8221;off&#8221; custom_button_two=&#8221;on&#8221; button_two_text_size=&#8221;16px&#8221; button_two_text_color=&#8221;#ffffff&#8221; button_two_bg_color=&#8221;rgba(0,0,0,0.6)&#8221; button_two_border_width=&#8221;15px&#8221; button_two_border_color=&#8221;rgba(210,159,104,0)&#8221; button_two_border_radius=&#8221;100px&#8221; button_two_letter_spacing=&#8221;0px&#8221; button_two_font=&#8221;Rubik|700|||||||&#8221; button_two_use_icon=&#8221;off&#8221; background_layout=&#8221;light&#8221; custom_margin=&#8221;|||&#8221; custom_padding=&#8221;10vw||24vw|&#8221; animation_style=&#8221;slide&#8221; animation_direction=&#8221;bottom&#8221; animation_intensity_slide=&#8221;1%&#8221; hover_enabled=&#8221;0&#8243; content_font_size_tablet=&#8221;&#8221; content_font_size_phone=&#8221;16px&#8221; content_font_size_last_edited=&#8221;on|phone&#8221; subhead_font_size_tablet=&#8221;&#8221; subhead_font_size_phone=&#8221;30px&#8221; subhead_font_size_last_edited=&#8221;on|phone&#8221; box_shadow_style=&#8221;preset6&#8243; box_shadow_vertical=&#8221;-10px&#8221; box_shadow_color=&#8221;rgba(0,0,0,0.2)&#8221; button_one_border_radius_hover=&#8221;100px&#8221; button_two_border_radius_hover=&#8221;100px&#8221; button_one_bg_color_hover=&#8221;#ff8a70&#8243; button_two_bg_color_hover=&#8221;#ff8a70&#8243; global_colors_info=&#8221;{}&#8221; button_one_text_size__hover_enabled=&#8221;off&#8221; button_two_text_size__hover_enabled=&#8221;off&#8221; button_one_text_color__hover_enabled=&#8221;off&#8221; button_two_text_color__hover_enabled=&#8221;off&#8221; button_one_border_width__hover_enabled=&#8221;off&#8221; button_two_border_width__hover_enabled=&#8221;off&#8221; button_one_border_color__hover_enabled=&#8221;off&#8221; button_two_border_color__hover_enabled=&#8221;off&#8221; button_one_border_radius__hover_enabled=&#8221;on&#8221; button_one_border_radius__hover=&#8221;100px&#8221; button_two_border_radius__hover_enabled=&#8221;on&#8221; button_two_border_radius__hover=&#8221;100px&#8221; button_one_letter_spacing__hover_enabled=&#8221;off&#8221; button_two_letter_spacing__hover_enabled=&#8221;off&#8221; button_one_bg_color__hover_enabled=&#8221;on&#8221; button_one_bg_color__hover=&#8221;#ff8a70&#8243; button_two_bg_color__hover_enabled=&#8221;on&#8221; button_two_bg_color__hover=&#8221;#ff8a70&#8243; sticky_enabled=&#8221;0&#8243;]<\/p>\n<p>La educaci\u00f3n ha tenido que replantearse para brindar una nueva forma de interacci\u00f3n y productividad desde la participaci\u00f3n de aulas virtuales.<\/p>\n<p>[\/et_pb_fullwidth_header][\/et_pb_section][et_pb_section fb_built=&#8221;1&#8243; custom_padding_last_edited=&#8221;off|desktop&#8221; background_color_gradient_stops_1=&#8221;#2b87da 0%|#c7cbd4 100%&#8221; background_color_gradient_end_1=&#8221;#c7cbd4&#8243; admin_label=&#8221;Two CTA Section&#8221; _builder_version=&#8221;4.16&#8243; custom_padding=&#8221;0px||0px||true&#8221; custom_padding_tablet=&#8221;20px||10px|&#8221; global_colors_info=&#8221;{}&#8221;][et_pb_row column_structure=&#8221;1_2,1_2&#8243; use_custom_gutter=&#8221;on&#8221; gutter_width=&#8221;1&#8243; make_equal=&#8221;on&#8221; padding_top_bottom_link_1=&#8221;true&#8221; padding_top_bottom_link_2=&#8221;true&#8221; admin_label=&#8221;Two CTA Row&#8221; module_class=&#8221; et_pb_row_fullwidth&#8221; _builder_version=&#8221;4.16&#8243; width=&#8221;100%&#8221; width_tablet=&#8221;100%&#8221; width_phone=&#8221;100%&#8221; width_last_edited=&#8221;on|desktop&#8221; max_width=&#8221;100%&#8221; max_width_tablet=&#8221;100%&#8221; max_width_phone=&#8221;100%&#8221; max_width_last_edited=&#8221;on|desktop&#8221; custom_padding=&#8221;0px|0px|0px|0px&#8221; make_fullwidth=&#8221;on&#8221; global_colors_info=&#8221;{}&#8221;][et_pb_column type=&#8221;1_2&#8243; _builder_version=&#8221;4.16&#8243; use_background_color_gradient=&#8221;on&#8221; background_color_gradient_direction=&#8221;90deg&#8221; background_color_gradient_stops=&#8221;rgba(227,232,242,0.72) 0%|#e3e8f2 60%&#8221; background_color_gradient_overlays_image=&#8221;on&#8221; background_color_gradient_start=&#8221;rgba(227,232,242,0.72)&#8221; background_color_gradient_end=&#8221;#e3e8f2&#8243; background_color_gradient_end_position=&#8221;60%&#8221; background_image=&#8221;https:\/\/madeleinegalvan.teoriavirtual.com\/wp-content\/uploads\/2023\/11\/Group-3-Copy.jpg&#8221; custom_padding=&#8221;120px|80px|120px|10%&#8221; custom_padding_tablet=&#8221;|10%||10%||true&#8221; custom_padding_phone=&#8221;|10%||10%||true&#8221; custom_padding_last_edited=&#8221;on|tablet&#8221; global_colors_info=&#8221;{}&#8221; padding_tablet=&#8221;|10%||10%||true&#8221; padding_last_edited=&#8221;on|tablet&#8221; custom_padding__hover=&#8221;|||&#8221; padding_phone=&#8221;|10%||10%||true&#8221;][et_pb_cta title=&#8221;web 2.0&#8243; button_url=&#8221;@ET-DC@eyJkeW5hbWljIjp0cnVlLCJjb250ZW50IjoicG9zdF9saW5rX3VybF9wYWdlIiwic2V0dGluZ3MiOnsicG9zdF9pZCI6IjM4In19@&#8221; button_text=&#8221;Visitar Blog&#8221; admin_label=&#8221;School CTA&#8221; _builder_version=&#8221;4.23.1&#8243; header_font=&#8221;Cabin Sketch|700||on|||||&#8221; header_font_size=&#8221;40px&#8221; header_letter_spacing=&#8221;6px&#8221; header_line_height=&#8221;1.5em&#8221; body_font=&#8221;Rubik|500|||||||&#8221; body_line_height=&#8221;2em&#8221; use_background_color=&#8221;off&#8221; custom_button=&#8221;on&#8221; button_text_size=&#8221;16px&#8221; button_text_color=&#8221;#ffffff&#8221; button_bg_color=&#8221;rgba(0,0,0,0.6)&#8221; button_border_width=&#8221;10px&#8221; button_border_color=&#8221;rgba(65,65,144,0)&#8221; button_border_radius=&#8221;70px&#8221; button_font=&#8221;Rubik|700|||||||&#8221; button_use_icon=&#8221;off&#8221; text_orientation=&#8221;left&#8221; background_layout=&#8221;light&#8221; max_width=&#8221;600px&#8221; max_width_last_edited=&#8221;off|desktop&#8221; custom_margin=&#8221;|||&#8221; custom_padding=&#8221;|||&#8221; hover_enabled=&#8221;0&#8243; header_font_size_tablet=&#8221;&#8221; header_font_size_phone=&#8221;30px&#8221; header_font_size_last_edited=&#8221;on|phone&#8221; button_text_color_hover=&#8221;#c7ccd4&#8243; button_border_radius_hover=&#8221;70px&#8221; button_bg_color_hover=&#8221;#ffffff&#8221; global_colors_info=&#8221;{}&#8221; button_text_size__hover_enabled=&#8221;off&#8221; button_one_text_size__hover_enabled=&#8221;off&#8221; button_two_text_size__hover_enabled=&#8221;off&#8221; button_text_color__hover_enabled=&#8221;on&#8221; button_text_color__hover=&#8221;#c7ccd4&#8243; button_one_text_color__hover_enabled=&#8221;off&#8221; button_two_text_color__hover_enabled=&#8221;off&#8221; button_border_width__hover_enabled=&#8221;off&#8221; button_one_border_width__hover_enabled=&#8221;off&#8221; button_two_border_width__hover_enabled=&#8221;off&#8221; button_border_color__hover_enabled=&#8221;off&#8221; button_one_border_color__hover_enabled=&#8221;off&#8221; button_two_border_color__hover_enabled=&#8221;off&#8221; button_border_radius__hover_enabled=&#8221;on&#8221; button_border_radius__hover=&#8221;70px&#8221; button_one_border_radius__hover_enabled=&#8221;off&#8221; button_two_border_radius__hover_enabled=&#8221;off&#8221; button_letter_spacing__hover_enabled=&#8221;off&#8221; button_one_letter_spacing__hover_enabled=&#8221;off&#8221; button_two_letter_spacing__hover_enabled=&#8221;off&#8221; button_bg_color__hover_enabled=&#8221;on&#8221; button_bg_color__hover=&#8221;#ffffff&#8221; button_one_bg_color__hover_enabled=&#8221;off&#8221; button_two_bg_color__hover_enabled=&#8221;off&#8221; _dynamic_attributes=&#8221;button_url&#8221; sticky_enabled=&#8221;0&#8243;]<\/p>\n<p class=\"lead\">Se refiere a las aplicaciones de Internet del siglo XXI que han transformado la era digital tras la burbuja de las puntocom.<\/p>\n<p class=\"lead\">La Web 2.0\u00a0refleja\u00a0la evoluci\u00f3n de las aplicaciones tradicionales hacia aplicaciones web\u00a0orientadas\u00a0al usuario final.\u00a0Son las aplicaciones\u00a0y servicios de colaboraci\u00f3n\u00a0que\u00a0sustituyen a\u00a0las aplicaciones de escritorio.<\/p>\n<p>[\/et_pb_cta][\/et_pb_column][et_pb_column type=&#8221;1_2&#8243; _builder_version=&#8221;4.16&#8243; use_background_color_gradient=&#8221;on&#8221; background_color_gradient_direction=&#8221;90deg&#8221; background_color_gradient_stops=&#8221;#ff7355 40%|rgba(255,115,85,0.6) 100%&#8221; background_color_gradient_overlays_image=&#8221;on&#8221; background_color_gradient_start=&#8221;#ff7355&#8243; background_color_gradient_start_position=&#8221;40%&#8221; background_color_gradient_end=&#8221;rgba(255,115,85,0.6)&#8221; background_image=&#8221;https:\/\/madeleinegalvan.teoriavirtual.com\/wp-content\/uploads\/2023\/11\/Group-3-Copy-6.jpg&#8221; custom_padding=&#8221;120px|10%|120px|80px&#8221; custom_padding_tablet=&#8221;|10%||10%||true&#8221; custom_padding_phone=&#8221;|10%||10%||true&#8221; custom_padding_last_edited=&#8221;on|tablet&#8221; global_colors_info=&#8221;{}&#8221; padding_tablet=&#8221;|10%||10%||true&#8221; padding_last_edited=&#8221;on|tablet&#8221; custom_padding__hover=&#8221;|||&#8221; padding_phone=&#8221;|10%||10%||true&#8221;][et_pb_cta title=&#8221;El docente del siglo XXI&#8221; button_url=&#8221;@ET-DC@eyJkeW5hbWljIjp0cnVlLCJjb250ZW50IjoicG9zdF9saW5rX3VybF9wYWdlIiwic2V0dGluZ3MiOnsicG9zdF9pZCI6IjM4In19@&#8221; button_text=&#8221;Visitar Blog&#8221; admin_label=&#8221;School CTA&#8221; _builder_version=&#8221;4.23.1&#8243; header_font=&#8221;Cabin Sketch|700||on|||||&#8221; header_font_size=&#8221;46px&#8221; header_letter_spacing=&#8221;6px&#8221; header_line_height=&#8221;1.5em&#8221; body_font=&#8221;Rubik|500|||||||&#8221; body_line_height=&#8221;2em&#8221; use_background_color=&#8221;off&#8221; custom_button=&#8221;on&#8221; button_text_size=&#8221;16px&#8221; button_text_color=&#8221;#ffffff&#8221; button_bg_color=&#8221;rgba(255,255,255,0.1)&#8221; button_border_width=&#8221;10px&#8221; button_border_color=&#8221;rgba(65,65,144,0)&#8221; button_border_radius=&#8221;70px&#8221; button_font=&#8221;Rubik|700|||||||&#8221; button_use_icon=&#8221;off&#8221; text_orientation=&#8221;left&#8221; max_width=&#8221;600px&#8221; max_width_last_edited=&#8221;off|desktop&#8221; module_alignment=&#8221;left&#8221; custom_margin=&#8221;|||&#8221; custom_padding=&#8221;|||&#8221; hover_enabled=&#8221;0&#8243; header_font_size_tablet=&#8221;&#8221; header_font_size_phone=&#8221;30px&#8221; header_font_size_last_edited=&#8221;on|phone&#8221; button_text_color_hover=&#8221;#e00b00&#8243; button_border_radius_hover=&#8221;70px&#8221; button_bg_color_hover=&#8221;#ffffff&#8221; global_colors_info=&#8221;{}&#8221; button_text_size__hover_enabled=&#8221;off&#8221; button_one_text_size__hover_enabled=&#8221;off&#8221; button_two_text_size__hover_enabled=&#8221;off&#8221; button_text_color__hover_enabled=&#8221;on&#8221; button_text_color__hover=&#8221;#e00b00&#8243; button_one_text_color__hover_enabled=&#8221;off&#8221; button_two_text_color__hover_enabled=&#8221;off&#8221; button_border_width__hover_enabled=&#8221;off&#8221; button_one_border_width__hover_enabled=&#8221;off&#8221; button_two_border_width__hover_enabled=&#8221;off&#8221; button_border_color__hover_enabled=&#8221;off&#8221; button_one_border_color__hover_enabled=&#8221;off&#8221; button_two_border_color__hover_enabled=&#8221;off&#8221; button_border_radius__hover_enabled=&#8221;on&#8221; button_border_radius__hover=&#8221;70px&#8221; button_one_border_radius__hover_enabled=&#8221;off&#8221; button_two_border_radius__hover_enabled=&#8221;off&#8221; button_letter_spacing__hover_enabled=&#8221;off&#8221; button_one_letter_spacing__hover_enabled=&#8221;off&#8221; button_two_letter_spacing__hover_enabled=&#8221;off&#8221; button_bg_color__hover_enabled=&#8221;on&#8221; button_bg_color__hover=&#8221;#ffffff&#8221; button_one_bg_color__hover_enabled=&#8221;off&#8221; button_two_bg_color__hover_enabled=&#8221;off&#8221; _dynamic_attributes=&#8221;button_url&#8221; sticky_enabled=&#8221;0&#8243;]<\/p>\n<p>El docente del siglo XXI se caracteriza por un sistema claramente coordinado: una sociedad tecnol\u00f3gicamente avanzada. En 2008, la Organizaci\u00f3n de las Naciones Unidas para la Educaci\u00f3n, la Ciencia y la Cultura public\u00f3 Est\u00e1ndares de competencia en TIC para docentes (UNESCO, 2008) para brindar orientaci\u00f3n \u00fatil a las instituciones de formaci\u00f3n docente. El proyecto incluye tres direcciones:<\/p>\n<p>a) alfabetismo en TIC;<br \/>b) profundizaci\u00f3n del conocimiento; y<br \/>c) generaci\u00f3n de conocimiento.<\/p>\n<p>[\/et_pb_cta][\/et_pb_column][\/et_pb_row][\/et_pb_section][et_pb_section fb_built=&#8221;1&#8243; admin_label=&#8221;News&#8221; _builder_version=&#8221;4.16&#8243; background_color=&#8221;#e9eff3&#8243; custom_padding=&#8221;54px|0px|54px|0px|false|false&#8221; global_colors_info=&#8221;{}&#8221;][et_pb_row admin_label=&#8221;Title Row&#8221; _builder_version=&#8221;4.16&#8243; global_colors_info=&#8221;{}&#8221;][et_pb_column type=&#8221;4_4&#8243; _builder_version=&#8221;4.16&#8243; custom_padding=&#8221;|||&#8221; global_colors_info=&#8221;{}&#8221; custom_padding__hover=&#8221;|||&#8221;][et_pb_blurb title=&#8221;Blog&#8221; use_icon=&#8221;on&#8221; font_icon=&#8221;&#x69;||divi||400&#8243; icon_color=&#8221;#ff7355&#8243; image_icon_width=&#8221;32px&#8221; _builder_version=&#8221;4.16&#8243; header_font=&#8221;Cabin Sketch|700||on|||||&#8221; header_text_color=&#8221;#2b76df&#8221; header_font_size=&#8221;20px&#8221; header_letter_spacing=&#8221;5px&#8221; header_line_height=&#8221;1.5em&#8221; text_orientation=&#8221;center&#8221; custom_margin=&#8221;||0px|&#8221; icon_font_size=&#8221;32px&#8221; locked=&#8221;off&#8221; global_colors_info=&#8221;{}&#8221;][\/et_pb_blurb][et_pb_text _builder_version=&#8221;4.23.1&#8243; text_font=&#8221;Rubik|500|||||||&#8221; text_font_size=&#8221;16px&#8221; text_line_height=&#8221;2em&#8221; header_font=&#8221;||||||||&#8221; header_2_font=&#8221;Rubik|700|||||||&#8221; header_2_font_size=&#8221;40px&#8221; header_2_line_height=&#8221;1.4em&#8221; header_5_font=&#8221;Rubik|700||on|||||&#8221; header_5_text_color=&#8221;#2b76df&#8221; header_5_letter_spacing=&#8221;5px&#8221; header_5_line_height=&#8221;1.5em&#8221; text_orientation=&#8221;center&#8221; max_width=&#8221;600px&#8221; module_alignment=&#8221;center&#8221; custom_padding=&#8221;||0px|||&#8221; text_line_height_last_edited=&#8221;off|desktop&#8221; global_colors_info=&#8221;{}&#8221;]<\/p>\n<h2>Entradas<\/h2>\n<p>Maestr\u00eda en Educaci\u00f3n con Tecnolog\u00edas del Aprendizaje y Conocimiento en Entornos Virtuales<\/p>\n<p>Universidad IEXPRO<\/p>\n<p>&nbsp;<\/p>\n<p>[\/et_pb_text][et_pb_blog fullwidth=&#8221;off&#8221; posts_number=&#8221;6&#8243; include_categories=&#8221;all&#8221; use_manual_excerpt=&#8221;off&#8221; excerpt_length=&#8221;120&#8243; show_date=&#8221;off&#8221; show_categories=&#8221;off&#8221; show_comments=&#8221;on&#8221; _builder_version=&#8221;4.23.1&#8243; header_font=&#8221;Rubik||||||||&#8221; header_font_size=&#8221;20px&#8221; header_line_height=&#8221;1.5em&#8221; body_font=&#8221;Rubik|500|||||||&#8221; body_line_height=&#8221;2em&#8221; meta_font=&#8221;Rubik|700|||||||&#8221; meta_font_size=&#8221;12px&#8221; pagination_font=&#8221;||||||||&#8221; body_line_height_last_edited=&#8221;off|desktop&#8221; border_radii=&#8221;on|10px|10px|10px|10px&#8221; border_width_all=&#8221;0px&#8221; box_shadow_style=&#8221;preset1&#8243; box_shadow_vertical=&#8221;20px&#8221; box_shadow_blur=&#8221;45px&#8221; box_shadow_spread=&#8221;-5px&#8221; box_shadow_color=&#8221;rgba(0,0,0,0.07)&#8221; global_colors_info=&#8221;{}&#8221;][\/et_pb_blog][\/et_pb_column][\/et_pb_row][\/et_pb_section]<\/p>\n","protected":false},"excerpt":{"rendered":"<p>La educaci\u00f3n ha tenido que replantearse para brindar una nueva forma de interacci\u00f3n y productividad desde la participaci\u00f3n de aulas virtuales.Se refiere a las aplicaciones de Internet del siglo XXI que han transformado la era digital tras la burbuja de las puntocom. La Web 2.0\u00a0refleja\u00a0la evoluci\u00f3n de las aplicaciones tradicionales hacia aplicaciones web\u00a0orientadas\u00a0al usuario final.\u00a0Son [&hellip;]<\/p>\n","protected":false},"author":2,"featured_media":0,"parent":0,"menu_order":0,"comment_status":"closed","ping_status":"closed","template":"","meta":{"_et_pb_use_builder":"on","_et_pb_old_content":"","_et_gb_content_width":"","footnotes":""},"class_list":["post-24","page","type-page","status-publish","hentry"],"_links":{"self":[{"href":"https:\/\/madeleinegalvan.teoriavirtual.com\/index.php\/wp-json\/wp\/v2\/pages\/24","targetHints":{"allow":["GET"]}}],"collection":[{"href":"https:\/\/madeleinegalvan.teoriavirtual.com\/index.php\/wp-json\/wp\/v2\/pages"}],"about":[{"href":"https:\/\/madeleinegalvan.teoriavirtual.com\/index.php\/wp-json\/wp\/v2\/types\/page"}],"author":[{"embeddable":true,"href":"https:\/\/madeleinegalvan.teoriavirtual.com\/index.php\/wp-json\/wp\/v2\/users\/2"}],"replies":[{"embeddable":true,"href":"https:\/\/madeleinegalvan.teoriavirtual.com\/index.php\/wp-json\/wp\/v2\/comments?post=24"}],"version-history":[{"count":8,"href":"https:\/\/madeleinegalvan.teoriavirtual.com\/index.php\/wp-json\/wp\/v2\/pages\/24\/revisions"}],"predecessor-version":[{"id":125,"href":"https:\/\/madeleinegalvan.teoriavirtual.com\/index.php\/wp-json\/wp\/v2\/pages\/24\/revisions\/125"}],"wp:attachment":[{"href":"https:\/\/madeleinegalvan.teoriavirtual.com\/index.php\/wp-json\/wp\/v2\/media?parent=24"}],"curies":[{"name":"wp","href":"https:\/\/api.w.org\/{rel}","templated":true}]}}